{"id":2689,"date":"2015-05-18T18:47:35","date_gmt":"2015-05-18T17:47:35","guid":{"rendered":"http:\/\/digimedia.lv\/?page_id=2689"},"modified":"2017-03-21T15:50:03","modified_gmt":"2017-03-21T15:50:03","slug":"services-5","status":"publish","type":"page","link":"https:\/\/staging.digimedia.lv\/lv\/services-5\/","title":{"rendered":"Pakalpojumi"},"content":{"rendered":"<p><\/p>\n<p style=\"text-align: left;\"><div  class=\"pi-section-w pi-section-white \" ><div class=\"pi-section \" >\n<p class=\"lead-30 pi-text-dark pi-text-center\"><strong>Digi Media\u00a0<\/strong>nodro\u0161ina mediju uz\u0146\u0113mumu apkalpo\u0161anu <span class=\"pi-text-bg-base\">vair\u0101k\u0101s jom\u0101s<\/span><\/p>\n<div class=\" pi-col-sm-3\">\n<p><a href=\"http:\/\/digimedia.lv\/services-5\/media-services\/\"><div class=\" pi-icon-box-hover pi-icon-box-vertical pi-text-center pi-icon-box-vertical-icon-big\"><div class=\"pi-icon-box-icon  pi-icon-box-icon-circle\"><i class=\"icon-share\"><\/i><\/div><div class=\" pi-icon-box-content\"><\/div><\/div><\/a><\/p>\n<h4 style=\"text-align: center;\"><a href=\"http:\/\/digimedia.lv\/services-5\/media-services\/\">Mediju\u00a0pakalpojumi<\/a><\/h4>\n<ul>\n<li>Audiovizu\u0101lo failu konvert\u0113\u0161ana da\u017e\u0101dos form\u0101tos<\/li>\n<li>Digital Cinema Package izveide<\/li>\n<li>Ieska\u0146o\u0161anas un dubl\u0101\u017eas pakalpojumi<\/li>\n<li>Darbs ar subtitriem<\/li>\n<li>Render\u0113\u0161anas pakalpojumi<\/li>\n<\/ul>\n<\/div>\n<div class=\" pi-col-sm-3\">\n<p><a href=\"http:\/\/digimedia.lv\/services-5\/audio-services\/\"><div class=\" pi-icon-box-hover pi-icon-box-vertical pi-text-center pi-icon-box-vertical-icon-big\"><div class=\"pi-icon-box-icon  pi-icon-box-icon-circle\"><i class=\"icon-play\"><\/i><\/div><div class=\" pi-icon-box-content\"><\/a><\/p>\n<h4 style=\"text-align: center;\"><a href=\"http:\/\/digimedia.lv\/services-5\/audio-services\/\">Audio pakalpojumi<\/a><\/h4>\n<ul>\n<li style=\"text-align: left;\">Audiomateri\u0101la izgatavo\u0161ana<\/li>\n<li style=\"text-align: left;\">Audiomateri\u0101la apstr\u0101de<\/li>\n<li style=\"text-align: left;\">Ska\u0146as dizains<\/li>\n<li style=\"text-align: left;\">Ska\u0146as ieraksts<\/li>\n<li style=\"text-align: left;\">Audiorekl\u0101mas rad\u012b\u0161ana<\/li>\n<li style=\"text-align: left;\">Ska\u0146as ieraksts \u0101rpus studijas<\/li>\n<\/ul>\n<\/div><\/div>\n<\/div>\n<div class=\" pi-col-sm-3\">\n<p><a href=\"http:\/\/digimedia.lv\/services-5\/video-services\/\"><div class=\" pi-icon-box-hover pi-icon-box-vertical pi-text-center pi-icon-box-vertical-icon-big\"><div class=\"pi-icon-box-icon  pi-icon-box-icon-circle\"><i class=\"icon-video\"><\/i><\/div><div class=\" pi-icon-box-content\"><\/a><\/p>\n<h4 style=\"text-align: center;\"><a href=\"http:\/\/digimedia.lv\/services-5\/video-services\/\">Video pakalpojumi<\/a><\/h4>\n<ul>\n<li style=\"text-align: left;\">HD video film\u0113\u0161ana un apstr\u0101de<\/li>\n<li style=\"text-align: left;\">Film\u0113\u0161ana izmantojot dronu (att\u0101li vad\u0101mu lidapar\u0101tu) virs zemes un \u016bdens, br\u012bv\u0101 dab\u0101 un pils\u0113t\u0101<\/li>\n<li style=\"text-align: left;\">Videoklipu, rekl\u0101mas klipu izgatavo\u0161ana<\/li>\n<li style=\"text-align: left;\">Videografika<\/li>\n<\/ul>\n<\/div><\/div>\n<\/div>\n<div class=\" pi-col-sm-3\">\n<p><a href=\"http:\/\/digimedia.lv\/services-5\/photo-services\/\"><div class=\" pi-icon-box-hover pi-icon-box-vertical pi-text-center pi-icon-box-vertical-icon-big\"><div class=\"pi-icon-box-icon  pi-icon-box-icon-circle\"><i class=\"icon-camera\"><\/i><\/div><div class=\" pi-icon-box-content\"><\/div><\/div><\/a><\/p>\n<h4 style=\"text-align: center;\"><a href=\"http:\/\/digimedia.lv\/services-5\/photo-services\/\">Foto pakalpojumi<\/a><\/h4>\n<ul>\n<li>Fotostudijas pakalpojumi<\/li>\n<li>Profesion\u0101las fotosesijas<\/li>\n<li>Sagatavo\u0161an\u0101s fotosesij\u0101m<\/li>\n<li>Fotosesijas procesa aizkuli\u0161u film\u0113\u0161ana<\/li>\n<\/ul>\n<\/div>\n<\/div><\/div>\n<div class=\"pi-row \"><\/p>\n<\/div>\n<div class=\"pi-row \">\n<\/div>\n<div  class=\"pi-section-w pi-section-parallax pi-section-parallax\" style=\"background-image:url(\/wp-content\/uploads\/2015\/05\/6-Copy.jpg)\"><div class=\"pi-texture \" style=\"background-color:rgba(31, 37, 44, 0.6);\"><\/div><div class=\"pi-section pi-padding-top-150 pi-padding-bottom-150 pi-text-center\" >\n<h3 class=\"pi-uppercase pi-weight-700 pi-letter-spacing\">V\u0112LatIES STR\u0100D\u0100T AR MUMS?<\/h3>\n<p class=\"pi-margin-bottom-30\">Sazinieties<\/p>\n<p class=\"pi-margin-bottom-30\"><\/div><\/div>\n<p><\/p>","protected":false},"excerpt":{"rendered":"","protected":false},"author":2,"featured_media":0,"parent":0,"menu_order":0,"comment_status":"closed","ping_status":"closed","template":"tpl.custom-page.php","meta":[],"yoast_head":"<!-- This site is optimized with the Yoast SEO plugin v16.3 - https:\/\/yoast.com\/wordpress\/plugins\/seo\/ -->\n<meta name=\"robots\" content=\"noindex, follow, max-snippet:-1, max-image-preview:large, max-video-preview:-1\" \/>\n<meta property=\"og:locale\" content=\"lv_LV\" \/>\n<meta property=\"og:type\" content=\"article\" \/>\n<meta property=\"og:title\" content=\"Pakalpojumi | Digimedia.lv\" \/>\n<meta property=\"og:url\" content=\"https:\/\/staging.digimedia.lv\/services-5\/\" \/>\n<meta property=\"og:site_name\" content=\"Digimedia.lv\" \/>\n<meta property=\"article:modified_time\" content=\"2017-03-21T15:50:03+00:00\" \/>\n<meta name=\"twitter:card\" content=\"summary\" \/>\n<meta name=\"twitter:label1\" content=\"Est. reading time\">\n\t<meta name=\"twitter:data1\" content=\"3 minutes\">\n<script type=\"application\/ld+json\" class=\"yoast-schema-graph\">{\"@context\":\"https:\/\/schema.org\",\"@graph\":[{\"@type\":\"WebSite\",\"@id\":\"http:\/\/staging.digimedia.lv\/#website\",\"url\":\"http:\/\/staging.digimedia.lv\/\",\"name\":\"Digimedia.lv\",\"description\":\"\",\"potentialAction\":[{\"@type\":\"SearchAction\",\"target\":\"http:\/\/staging.digimedia.lv\/?s={search_term_string}\",\"query-input\":\"required name=search_term_string\"}],\"inLanguage\":\"lv-LV\"},{\"@type\":\"WebPage\",\"@id\":\"https:\/\/staging.digimedia.lv\/services-5\/#webpage\",\"url\":\"https:\/\/staging.digimedia.lv\/services-5\/\",\"name\":\"Pakalpojumi | Digimedia.lv\",\"isPartOf\":{\"@id\":\"http:\/\/staging.digimedia.lv\/#website\"},\"datePublished\":\"2015-05-18T17:47:35+00:00\",\"dateModified\":\"2017-03-21T15:50:03+00:00\",\"breadcrumb\":{\"@id\":\"https:\/\/staging.digimedia.lv\/services-5\/#breadcrumb\"},\"inLanguage\":\"lv-LV\",\"potentialAction\":[{\"@type\":\"ReadAction\",\"target\":[\"https:\/\/staging.digimedia.lv\/services-5\/\"]}]},{\"@type\":\"BreadcrumbList\",\"@id\":\"https:\/\/staging.digimedia.lv\/services-5\/#breadcrumb\",\"itemListElement\":[{\"@type\":\"ListItem\",\"position\":1,\"item\":{\"@type\":\"WebPage\",\"@id\":\"http:\/\/staging.digimedia.lv\/\",\"url\":\"http:\/\/staging.digimedia.lv\/\",\"name\":\"Home\"}},{\"@type\":\"ListItem\",\"position\":2,\"item\":{\"@id\":\"https:\/\/staging.digimedia.lv\/services-5\/#webpage\"}}]}]}<\/script>\n<!-- \/ Yoast SEO plugin. -->","_links":{"self":[{"href":"https:\/\/staging.digimedia.lv\/lv\/wp-json\/wp\/v2\/pages\/2689"}],"collection":[{"href":"https:\/\/staging.digimedia.lv\/lv\/wp-json\/wp\/v2\/pages"}],"about":[{"href":"https:\/\/staging.digimedia.lv\/lv\/wp-json\/wp\/v2\/types\/page"}],"author":[{"embeddable":true,"href":"https:\/\/staging.digimedia.lv\/lv\/wp-json\/wp\/v2\/users\/2"}],"replies":[{"embeddable":true,"href":"https:\/\/staging.digimedia.lv\/lv\/wp-json\/wp\/v2\/comments?post=2689"}],"version-history":[{"count":3,"href":"https:\/\/staging.digimedia.lv\/lv\/wp-json\/wp\/v2\/pages\/2689\/revisions"}],"predecessor-version":[{"id":3186,"href":"https:\/\/staging.digimedia.lv\/lv\/wp-json\/wp\/v2\/pages\/2689\/revisions\/3186"}],"wp:attachment":[{"href":"https:\/\/staging.digimedia.lv\/lv\/wp-json\/wp\/v2\/media?parent=2689"}],"curies":[{"name":"wp","href":"https:\/\/api.w.org\/{rel}","templated":true}]}}