{"id":2735,"date":"2015-05-19T15:28:59","date_gmt":"2015-05-19T14:28:59","guid":{"rendered":"http:\/\/digimedia.lv\/?page_id=2735"},"modified":"2017-03-21T16:26:34","modified_gmt":"2017-03-21T16:26:34","slug":"photo-services","status":"publish","type":"page","link":"https:\/\/staging.digimedia.lv\/lv\/services-5\/photo-services\/","title":{"rendered":"Foto pakalpojumi"},"content":{"rendered":"<p><div  class=\"pi-section-w pi-section-white \" ><div class=\"pi-section \" >\n<div class=\" pi-col-sm-8\">\n<h4><strong>Digi Media<\/strong>\u00a0pied\u0101v\u0101<\/h4>\n<h5>fotostudijas pakalpojumus, profesion\u0101las fotosesijas un sagatavo\u0161anos t\u0101m.<\/h5>\n<ul>\n<li>\n<h6><strong>Fotograf\u0113\u0161ana<\/strong><\/h6>\n<ul>\n<li>rekl\u0101mas foto integr\u0101cijai video un t\u012bmek\u013ca projektos;<\/li>\n<li>foto afi\u0161\u0101m, katalogiem, kalend\u0101riem, \u017eurn\u0101liem;<\/li>\n<li>korporat\u012bvais foto;<\/li>\n<li>m\u0101kslas foto;<\/li>\n<li>aerofoto \u2013 fotograf\u0113\u0161ana no gaisa, izmantojot dronus (<em>quadcopter<\/em>):\n<ul>\n<li>Aerofotogrammetrija.<\/li>\n<\/ul>\n<\/li>\n<\/ul>\n<\/li>\n<\/ul>\n<ul>\n<li>\n<h6><strong>Produc\u0113\u0161ana<\/strong><\/h6>\n<ul>\n<li>studijas un rekl\u0101mas fotosesiju produc\u0113\u0161ana;<\/li>\n<li>priv\u0101to fotosesiju produc\u0113\u0161ana no A l\u012bdz Z.<\/li>\n<\/ul>\n<\/li>\n<\/ul>\n<ul>\n<li>\n<h6><strong>Fotosesijas procesa aizkuli\u0161u film\u0113\u0161ana<\/strong><\/h6>\n<\/li>\n<\/ul>\n<p>Darbu veic Eirop\u0101 sertific\u0113ti fotogr\u0101fi, kas specializ\u0113jas da\u017e\u0101d\u0101s fotogr\u0101fijas nozar\u0113s \u2013 report\u0101\u017ea, rekl\u0101ma, arhitekt\u016bra, ainavas, portreti, dz\u012bv\u0101 daba, u.c.<\/p>\n<p>Fotogr\u0101fi ir Latvijas Fotogr\u0101fu Feder\u0101cijas (Latvian Photographers Federation) un <strong>Eiropas Profesion\u0101lo Fotogr\u0101fu Feder\u0101cijas<\/strong>\u00a0(<a href=\"http:\/\/www.europeanphotographers.eu\/\">FEP<\/a>) locek\u013ci.<\/p>\n<p>M\u0113s izmantojam visprofesion\u0101lo apr\u012bkojumu un fotokameras.<\/p>\n<\/div>\n<div class=\" pi-col-sm-4\">\n<img loading=\"lazy\" class=\"alignnone wp-image-3595 size-medium\" src=\"http:\/\/staging.digimedia.lv\/wp-content\/uploads\/2017\/03\/8-300x200.jpg\" alt=\"\" width=\"300\" height=\"200\" srcset=\"https:\/\/staging.digimedia.lv\/wp-content\/uploads\/2017\/03\/8-300x200.jpg 300w, https:\/\/staging.digimedia.lv\/wp-content\/uploads\/2017\/03\/8-768x512.jpg 768w, https:\/\/staging.digimedia.lv\/wp-content\/uploads\/2017\/03\/8-1024x683.jpg 1024w\" sizes=\"(max-width: 300px) 100vw, 300px\" \/><\/p>\n<p><img loading=\"lazy\" class=\"alignnone size-medium wp-image-3590\" src=\"http:\/\/staging.digimedia.lv\/wp-content\/uploads\/2017\/03\/9-300x200.jpg\" alt=\"\" width=\"300\" height=\"200\" srcset=\"https:\/\/staging.digimedia.lv\/wp-content\/uploads\/2017\/03\/9-300x200.jpg 300w, https:\/\/staging.digimedia.lv\/wp-content\/uploads\/2017\/03\/9-768x512.jpg 768w, https:\/\/staging.digimedia.lv\/wp-content\/uploads\/2017\/03\/9-1024x683.jpg 1024w\" sizes=\"(max-width: 300px) 100vw, 300px\" \/><\/p>\n<p><img loading=\"lazy\" class=\"size-medium wp-image-3644 aligncenter\" src=\"http:\/\/staging.digimedia.lv\/wp-content\/uploads\/2015\/05\/11128010_10206585681670941_403882195_n-200x300.jpg\" alt=\"\" width=\"200\" height=\"300\" srcset=\"https:\/\/staging.digimedia.lv\/wp-content\/uploads\/2015\/05\/11128010_10206585681670941_403882195_n-200x300.jpg 200w, https:\/\/staging.digimedia.lv\/wp-content\/uploads\/2015\/05\/11128010_10206585681670941_403882195_n.jpg 500w\" sizes=\"(max-width: 200px) 100vw, 200px\" \/><\/p>\n<\/div>\n<\/div><\/div><\/p>","protected":false},"excerpt":{"rendered":"","protected":false},"author":2,"featured_media":0,"parent":2689,"menu_order":0,"comment_status":"closed","ping_status":"closed","template":"tpl.custom-page.php","meta":[],"yoast_head":"<!-- This site is optimized with the Yoast SEO plugin v16.3 - https:\/\/yoast.com\/wordpress\/plugins\/seo\/ -->\n<meta name=\"robots\" content=\"noindex, follow, max-snippet:-1, max-image-preview:large, max-video-preview:-1\" \/>\n<meta property=\"og:locale\" content=\"lv_LV\" \/>\n<meta property=\"og:type\" content=\"article\" \/>\n<meta property=\"og:title\" content=\"Foto pakalpojumi | Digimedia.lv\" \/>\n<meta property=\"og:url\" content=\"https:\/\/staging.digimedia.lv\/services-5\/photo-services\/\" \/>\n<meta property=\"og:site_name\" content=\"Digimedia.lv\" \/>\n<meta property=\"article:modified_time\" content=\"2017-03-21T16:26:34+00:00\" \/>\n<meta property=\"og:image\" content=\"http:\/\/staging.digimedia.lv\/wp-content\/uploads\/2017\/03\/8-300x200.jpg\" \/>\n<meta name=\"twitter:card\" content=\"summary\" \/>\n<meta name=\"twitter:label1\" content=\"Est. reading time\">\n\t<meta name=\"twitter:data1\" content=\"1 minute\">\n<script type=\"application\/ld+json\" class=\"yoast-schema-graph\">{\"@context\":\"https:\/\/schema.org\",\"@graph\":[{\"@type\":\"WebSite\",\"@id\":\"http:\/\/staging.digimedia.lv\/#website\",\"url\":\"http:\/\/staging.digimedia.lv\/\",\"name\":\"Digimedia.lv\",\"description\":\"\",\"potentialAction\":[{\"@type\":\"SearchAction\",\"target\":\"http:\/\/staging.digimedia.lv\/?s={search_term_string}\",\"query-input\":\"required name=search_term_string\"}],\"inLanguage\":\"lv-LV\"},{\"@type\":\"ImageObject\",\"@id\":\"https:\/\/staging.digimedia.lv\/services-5\/photo-services\/#primaryimage\",\"inLanguage\":\"lv-LV\",\"url\":\"http:\/\/staging.digimedia.lv\/wp-content\/uploads\/2017\/03\/8-300x200.jpg\",\"contentUrl\":\"http:\/\/staging.digimedia.lv\/wp-content\/uploads\/2017\/03\/8-300x200.jpg\"},{\"@type\":\"WebPage\",\"@id\":\"https:\/\/staging.digimedia.lv\/services-5\/photo-services\/#webpage\",\"url\":\"https:\/\/staging.digimedia.lv\/services-5\/photo-services\/\",\"name\":\"Foto pakalpojumi | Digimedia.lv\",\"isPartOf\":{\"@id\":\"http:\/\/staging.digimedia.lv\/#website\"},\"primaryImageOfPage\":{\"@id\":\"https:\/\/staging.digimedia.lv\/services-5\/photo-services\/#primaryimage\"},\"datePublished\":\"2015-05-19T14:28:59+00:00\",\"dateModified\":\"2017-03-21T16:26:34+00:00\",\"breadcrumb\":{\"@id\":\"https:\/\/staging.digimedia.lv\/services-5\/photo-services\/#breadcrumb\"},\"inLanguage\":\"lv-LV\",\"potentialAction\":[{\"@type\":\"ReadAction\",\"target\":[\"https:\/\/staging.digimedia.lv\/services-5\/photo-services\/\"]}]},{\"@type\":\"BreadcrumbList\",\"@id\":\"https:\/\/staging.digimedia.lv\/services-5\/photo-services\/#breadcrumb\",\"itemListElement\":[{\"@type\":\"ListItem\",\"position\":1,\"item\":{\"@type\":\"WebPage\",\"@id\":\"http:\/\/staging.digimedia.lv\/\",\"url\":\"http:\/\/staging.digimedia.lv\/\",\"name\":\"Home\"}},{\"@type\":\"ListItem\",\"position\":2,\"item\":{\"@type\":\"WebPage\",\"@id\":\"https:\/\/staging.digimedia.lv\/services-5\/\",\"url\":\"https:\/\/staging.digimedia.lv\/services-5\/\",\"name\":\"Services\"}},{\"@type\":\"ListItem\",\"position\":3,\"item\":{\"@id\":\"https:\/\/staging.digimedia.lv\/services-5\/photo-services\/#webpage\"}}]}]}<\/script>\n<!-- \/ Yoast SEO plugin. -->","_links":{"self":[{"href":"https:\/\/staging.digimedia.lv\/lv\/wp-json\/wp\/v2\/pages\/2735"}],"collection":[{"href":"https:\/\/staging.digimedia.lv\/lv\/wp-json\/wp\/v2\/pages"}],"about":[{"href":"https:\/\/staging.digimedia.lv\/lv\/wp-json\/wp\/v2\/types\/page"}],"author":[{"embeddable":true,"href":"https:\/\/staging.digimedia.lv\/lv\/wp-json\/wp\/v2\/users\/2"}],"replies":[{"embeddable":true,"href":"https:\/\/staging.digimedia.lv\/lv\/wp-json\/wp\/v2\/comments?post=2735"}],"version-history":[{"count":4,"href":"https:\/\/staging.digimedia.lv\/lv\/wp-json\/wp\/v2\/pages\/2735\/revisions"}],"predecessor-version":[{"id":2859,"href":"https:\/\/staging.digimedia.lv\/lv\/wp-json\/wp\/v2\/pages\/2735\/revisions\/2859"}],"up":[{"embeddable":true,"href":"https:\/\/staging.digimedia.lv\/lv\/wp-json\/wp\/v2\/pages\/2689"}],"wp:attachment":[{"href":"https:\/\/staging.digimedia.lv\/lv\/wp-json\/wp\/v2\/media?parent=2735"}],"curies":[{"name":"wp","href":"https:\/\/api.w.org\/{rel}","templated":true}]}}