{"id":3254,"date":"2016-04-19T12:14:18","date_gmt":"2016-04-19T11:14:18","guid":{"rendered":"http:\/\/digimedia.lv\/?page_id=3254"},"modified":"2016-04-19T12:19:43","modified_gmt":"2016-04-19T11:19:43","slug":"client-portal","status":"publish","type":"page","link":"https:\/\/staging.digimedia.lv\/lv\/client-portal\/","title":{"rendered":"Klientiem"},"content":{"rendered":"<p><div  class=\"pi-section-w pi-section-white \" ><div class=\"pi-section \" >\n<p><strong>Cien\u012bjamais klient!<\/strong><\/p>\n<p style=\"text-align: center;\">Izmanto\u00a0Digi Media online\u00a0r\u012bku, lai izvietotu pas\u016bt\u012bjumus internet\u0101,\u00a0veiktu labojumus un sekotu pas\u016bt\u012bjumu izpildei!<\/p>\n<p style=\"text-align: center;\"><a class=\"btn pi-btn-base pi-btn-no-border pi-shadow pi-btn-big\" href=\"http:\/\/digimedia.lv\/clientportal\/\">Piesl\u0113dzies \u0161eit<\/a><\/p>\n<p style=\"text-align: left;\"><div class=\"pi-row \">\n<p style=\"text-align: left;\"><\/div>\n<p style=\"text-align: left;\"><div class=\"pi-row \">\n<p style=\"text-align: left;\"><\/div>\n<p style=\"text-align: left;\"><\/div><\/div>\n<p><\/p>","protected":false},"excerpt":{"rendered":"","protected":false},"author":2,"featured_media":0,"parent":0,"menu_order":0,"comment_status":"closed","ping_status":"closed","template":"tpl.custom-page.php","meta":[],"yoast_head":"<!-- This site is optimized with the Yoast SEO plugin v16.3 - https:\/\/yoast.com\/wordpress\/plugins\/seo\/ -->\n<meta name=\"robots\" content=\"noindex, follow, max-snippet:-1, max-image-preview:large, max-video-preview:-1\" \/>\n<meta property=\"og:locale\" content=\"lv_LV\" \/>\n<meta property=\"og:type\" content=\"article\" \/>\n<meta property=\"og:title\" content=\"Klientiem | Digimedia.lv\" \/>\n<meta property=\"og:url\" content=\"https:\/\/staging.digimedia.lv\/client-portal\/\" \/>\n<meta property=\"og:site_name\" content=\"Digimedia.lv\" \/>\n<meta property=\"article:modified_time\" content=\"2016-04-19T11:19:43+00:00\" \/>\n<meta name=\"twitter:card\" content=\"summary\" \/>\n<script type=\"application\/ld+json\" class=\"yoast-schema-graph\">{\"@context\":\"https:\/\/schema.org\",\"@graph\":[{\"@type\":\"WebSite\",\"@id\":\"http:\/\/staging.digimedia.lv\/#website\",\"url\":\"http:\/\/staging.digimedia.lv\/\",\"name\":\"Digimedia.lv\",\"description\":\"\",\"potentialAction\":[{\"@type\":\"SearchAction\",\"target\":\"http:\/\/staging.digimedia.lv\/?s={search_term_string}\",\"query-input\":\"required name=search_term_string\"}],\"inLanguage\":\"lv-LV\"},{\"@type\":\"WebPage\",\"@id\":\"https:\/\/staging.digimedia.lv\/client-portal\/#webpage\",\"url\":\"https:\/\/staging.digimedia.lv\/client-portal\/\",\"name\":\"Klientiem | Digimedia.lv\",\"isPartOf\":{\"@id\":\"http:\/\/staging.digimedia.lv\/#website\"},\"datePublished\":\"2016-04-19T11:14:18+00:00\",\"dateModified\":\"2016-04-19T11:19:43+00:00\",\"breadcrumb\":{\"@id\":\"https:\/\/staging.digimedia.lv\/client-portal\/#breadcrumb\"},\"inLanguage\":\"lv-LV\",\"potentialAction\":[{\"@type\":\"ReadAction\",\"target\":[\"https:\/\/staging.digimedia.lv\/client-portal\/\"]}]},{\"@type\":\"BreadcrumbList\",\"@id\":\"https:\/\/staging.digimedia.lv\/client-portal\/#breadcrumb\",\"itemListElement\":[{\"@type\":\"ListItem\",\"position\":1,\"item\":{\"@type\":\"WebPage\",\"@id\":\"http:\/\/staging.digimedia.lv\/\",\"url\":\"http:\/\/staging.digimedia.lv\/\",\"name\":\"Home\"}},{\"@type\":\"ListItem\",\"position\":2,\"item\":{\"@id\":\"https:\/\/staging.digimedia.lv\/client-portal\/#webpage\"}}]}]}<\/script>\n<!-- \/ Yoast SEO plugin. -->","_links":{"self":[{"href":"https:\/\/staging.digimedia.lv\/lv\/wp-json\/wp\/v2\/pages\/3254"}],"collection":[{"href":"https:\/\/staging.digimedia.lv\/lv\/wp-json\/wp\/v2\/pages"}],"about":[{"href":"https:\/\/staging.digimedia.lv\/lv\/wp-json\/wp\/v2\/types\/page"}],"author":[{"embeddable":true,"href":"https:\/\/staging.digimedia.lv\/lv\/wp-json\/wp\/v2\/users\/2"}],"replies":[{"embeddable":true,"href":"https:\/\/staging.digimedia.lv\/lv\/wp-json\/wp\/v2\/comments?post=3254"}],"version-history":[{"count":18,"href":"https:\/\/staging.digimedia.lv\/lv\/wp-json\/wp\/v2\/pages\/3254\/revisions"}],"predecessor-version":[{"id":3271,"href":"https:\/\/staging.digimedia.lv\/lv\/wp-json\/wp\/v2\/pages\/3254\/revisions\/3271"}],"wp:attachment":[{"href":"https:\/\/staging.digimedia.lv\/lv\/wp-json\/wp\/v2\/media?parent=3254"}],"curies":[{"name":"wp","href":"https:\/\/api.w.org\/{rel}","templated":true}]}}